{"id":2478,"date":"2026-04-27T13:20:04","date_gmt":"2026-04-27T18:20:04","guid":{"rendered":"https:\/\/www.lean-expert.com\/?post_type=product&#038;p=2478"},"modified":"2026-04-27T15:17:38","modified_gmt":"2026-04-27T20:17:38","slug":"ceinture-jaune-construction-avec-hugo-poulin","status":"publish","type":"product","link":"https:\/\/www.lean-expert.com\/en\/product\/ceinture-jaune-construction-avec-hugo-poulin\/","title":{"rendered":"Ceinture Jaune avec Hugo Poulin"},"content":{"rendered":"<p>Devenez acteur de l\u2019am\u00e9lioration continue gr\u00e2ce \u00e0 cette formation Ceinture Jaune offerte \u00e9galement en visioconf\u00e9rence. Apprenez \u00e0 r\u00e9soudre les probl\u00e8mes terrain, standardiser les m\u00e9thodes de travail et participer activement \u00e0 l\u2019optimisation des processus. Flexible et interactive, cette formule s\u2019adapte \u00e0 votre horaire.<\/p>\n","protected":false},"excerpt":{"rendered":"<p>Devenez acteur de l\u2019am\u00e9lioration continue gr\u00e2ce \u00e0 cette formation Ceinture Jaune offerte \u00e9galement en visioconf\u00e9rence. Apprenez \u00e0 r\u00e9soudre les probl\u00e8mes terrain, standardiser les m\u00e9thodes de travail et participer activement \u00e0 l\u2019optimisation des processus. Flexible et interactive, cette formule s\u2019adapte \u00e0 votre horaire.<\/p>\n","protected":false},"featured_media":711,"template":"","meta":{"_acf_changed":false,"inline_featured_image":false,"_monsterinsights_skip_tracking":false,"_monsterinsights_sitenote_active":false,"_monsterinsights_sitenote_note":"","_monsterinsights_sitenote_category":0},"product_brand":[],"product_cat":[77],"product_tag":[],"class_list":{"0":"post-2478","1":"product","2":"type-product","3":"status-publish","4":"has-post-thumbnail","6":"product_cat-presentiel-visioconference","8":"first","9":"instock","10":"taxable","11":"shipping-taxable","12":"purchasable","13":"product-type-variable"},"acf":[],"yoast_head":"<!-- This site is optimized with the Yoast SEO Premium plugin v19.4 (Yoast SEO v27.4) - https:\/\/yoast.com\/product\/yoast-seo-premium-wordpress\/ -->\n<title>Ceinture Jaune avec Hugo Poulin - Lean Expert<\/title>\n<meta name=\"robots\" content=\"index, follow, max-snippet:-1, max-image-preview:large, max-video-preview:-1\" \/>\n<link rel=\"canonical\" href=\"https:\/\/www.lean-expert.com\/en\/product\/ceinture-jaune-construction-avec-hugo-poulin\/\" \/>\n<meta property=\"og:locale\" content=\"en_US\" \/>\n<meta property=\"og:type\" content=\"article\" \/>\n<meta property=\"og:title\" content=\"Ceinture Jaune avec Hugo Poulin\" \/>\n<meta property=\"og:description\" content=\"Devenez acteur de l\u2019am\u00e9lioration continue gr\u00e2ce \u00e0 cette formation Ceinture Jaune offerte \u00e9galement en visioconf\u00e9rence. Apprenez \u00e0 r\u00e9soudre les probl\u00e8mes terrain, standardiser les m\u00e9thodes de travail et participer activement \u00e0 l\u2019optimisation des processus. Flexible et interactive, cette formule s\u2019adapte \u00e0 votre horaire.\" \/>\n<meta property=\"og:url\" content=\"https:\/\/www.lean-expert.com\/en\/product\/ceinture-jaune-construction-avec-hugo-poulin\/\" \/>\n<meta property=\"og:site_name\" content=\"Lean Expert\" \/>\n<meta property=\"article:publisher\" content=\"https:\/\/www.facebook.com\/LeanExpert1\" \/>\n<meta property=\"article:modified_time\" content=\"2026-04-27T20:17:38+00:00\" \/>\n<meta property=\"og:image\" content=\"https:\/\/www.lean-expert.com\/wp-content\/uploads\/2022\/01\/YELLOW-BELT-CERTIFICATION-BIG-uai-258x204-1.png\" \/>\n\t<meta property=\"og:image:width\" content=\"258\" \/>\n\t<meta property=\"og:image:height\" content=\"204\" \/>\n\t<meta property=\"og:image:type\" content=\"image\/png\" \/>\n<meta name=\"twitter:card\" content=\"summary_large_image\" \/>\n<meta name=\"twitter:label1\" content=\"Est. reading time\" \/>\n\t<meta name=\"twitter:data1\" content=\"1 minute\" \/>\n<script type=\"application\/ld+json\" class=\"yoast-schema-graph\">{\"@context\":\"https:\\\/\\\/schema.org\",\"@graph\":[{\"@type\":\"WebPage\",\"@id\":\"https:\\\/\\\/www.lean-expert.com\\\/en\\\/product\\\/ceinture-jaune-construction-avec-hugo-poulin\\\/\",\"url\":\"https:\\\/\\\/www.lean-expert.com\\\/en\\\/product\\\/ceinture-jaune-construction-avec-hugo-poulin\\\/\",\"name\":\"Ceinture Jaune avec Hugo Poulin - Lean Expert\",\"isPartOf\":{\"@id\":\"https:\\\/\\\/www.lean-expert.com\\\/en\\\/#website\"},\"primaryImageOfPage\":{\"@id\":\"https:\\\/\\\/www.lean-expert.com\\\/en\\\/product\\\/ceinture-jaune-construction-avec-hugo-poulin\\\/#primaryimage\"},\"image\":{\"@id\":\"https:\\\/\\\/www.lean-expert.com\\\/en\\\/product\\\/ceinture-jaune-construction-avec-hugo-poulin\\\/#primaryimage\"},\"thumbnailUrl\":\"https:\\\/\\\/www.lean-expert.com\\\/wp-content\\\/uploads\\\/2022\\\/01\\\/YELLOW-BELT-CERTIFICATION-BIG-uai-258x204-1.png\",\"datePublished\":\"2026-04-27T18:20:04+00:00\",\"dateModified\":\"2026-04-27T20:17:38+00:00\",\"breadcrumb\":{\"@id\":\"https:\\\/\\\/www.lean-expert.com\\\/en\\\/product\\\/ceinture-jaune-construction-avec-hugo-poulin\\\/#breadcrumb\"},\"inLanguage\":\"en-US\",\"potentialAction\":[{\"@type\":\"ReadAction\",\"target\":[\"https:\\\/\\\/www.lean-expert.com\\\/en\\\/product\\\/ceinture-jaune-construction-avec-hugo-poulin\\\/\"]}]},{\"@type\":\"ImageObject\",\"inLanguage\":\"en-US\",\"@id\":\"https:\\\/\\\/www.lean-expert.com\\\/en\\\/product\\\/ceinture-jaune-construction-avec-hugo-poulin\\\/#primaryimage\",\"url\":\"https:\\\/\\\/www.lean-expert.com\\\/wp-content\\\/uploads\\\/2022\\\/01\\\/YELLOW-BELT-CERTIFICATION-BIG-uai-258x204-1.png\",\"contentUrl\":\"https:\\\/\\\/www.lean-expert.com\\\/wp-content\\\/uploads\\\/2022\\\/01\\\/YELLOW-BELT-CERTIFICATION-BIG-uai-258x204-1.png\",\"width\":258,\"height\":204},{\"@type\":\"BreadcrumbList\",\"@id\":\"https:\\\/\\\/www.lean-expert.com\\\/en\\\/product\\\/ceinture-jaune-construction-avec-hugo-poulin\\\/#breadcrumb\",\"itemListElement\":[{\"@type\":\"ListItem\",\"position\":1,\"name\":\"Home\",\"item\":\"https:\\\/\\\/www.lean-expert.com\\\/en\\\/\"},{\"@type\":\"ListItem\",\"position\":2,\"name\":\"Nos Formations\",\"item\":\"https:\\\/\\\/www.lean-expert.com\\\/lean-management-formations\\\/\"},{\"@type\":\"ListItem\",\"position\":3,\"name\":\"Ceinture Jaune avec Hugo Poulin\"}]},{\"@type\":\"WebSite\",\"@id\":\"https:\\\/\\\/www.lean-expert.com\\\/en\\\/#website\",\"url\":\"https:\\\/\\\/www.lean-expert.com\\\/en\\\/\",\"name\":\"Lean Expert\",\"description\":\"Dedicated to your performance\",\"publisher\":{\"@id\":\"https:\\\/\\\/www.lean-expert.com\\\/en\\\/#organization\"},\"potentialAction\":[{\"@type\":\"SearchAction\",\"target\":{\"@type\":\"EntryPoint\",\"urlTemplate\":\"https:\\\/\\\/www.lean-expert.com\\\/en\\\/?s={search_term_string}\"},\"query-input\":{\"@type\":\"PropertyValueSpecification\",\"valueRequired\":true,\"valueName\":\"search_term_string\"}}],\"inLanguage\":\"en-US\"},{\"@type\":\"Organization\",\"@id\":\"https:\\\/\\\/www.lean-expert.com\\\/en\\\/#organization\",\"name\":\"Lean Expert\",\"url\":\"https:\\\/\\\/www.lean-expert.com\\\/en\\\/\",\"logo\":{\"@type\":\"ImageObject\",\"inLanguage\":\"en-US\",\"@id\":\"https:\\\/\\\/www.lean-expert.com\\\/en\\\/#\\\/schema\\\/logo\\\/image\\\/\",\"url\":\"https:\\\/\\\/www.lean-expert.com\\\/wp-content\\\/uploads\\\/2022\\\/01\\\/LeanExpert-Dediee_Logo_RGB-1.png\",\"contentUrl\":\"https:\\\/\\\/www.lean-expert.com\\\/wp-content\\\/uploads\\\/2022\\\/01\\\/LeanExpert-Dediee_Logo_RGB-1.png\",\"width\":3001,\"height\":751,\"caption\":\"Lean Expert\"},\"image\":{\"@id\":\"https:\\\/\\\/www.lean-expert.com\\\/en\\\/#\\\/schema\\\/logo\\\/image\\\/\"},\"sameAs\":[\"https:\\\/\\\/www.facebook.com\\\/LeanExpert1\",\"https:\\\/\\\/www.linkedin.com\\\/lean-expert\",\"https:\\\/\\\/www.youtube.com\\\/channel\\\/UCjmopWx7AGZj_LbuMYr1SdA\"]}]}<\/script>\n<!-- \/ Yoast SEO Premium plugin. -->","yoast_head_json":{"title":"Ceinture Jaune avec Hugo Poulin - Lean Expert","robots":{"index":"index","follow":"follow","max-snippet":"max-snippet:-1","max-image-preview":"max-image-preview:large","max-video-preview":"max-video-preview:-1"},"canonical":"https:\/\/www.lean-expert.com\/en\/product\/ceinture-jaune-construction-avec-hugo-poulin\/","og_locale":"en_US","og_type":"article","og_title":"Ceinture Jaune avec Hugo Poulin","og_description":"Devenez acteur de l\u2019am\u00e9lioration continue gr\u00e2ce \u00e0 cette formation Ceinture Jaune offerte \u00e9galement en visioconf\u00e9rence. Apprenez \u00e0 r\u00e9soudre les probl\u00e8mes terrain, standardiser les m\u00e9thodes de travail et participer activement \u00e0 l\u2019optimisation des processus. Flexible et interactive, cette formule s\u2019adapte \u00e0 votre horaire.","og_url":"https:\/\/www.lean-expert.com\/en\/product\/ceinture-jaune-construction-avec-hugo-poulin\/","og_site_name":"Lean Expert","article_publisher":"https:\/\/www.facebook.com\/LeanExpert1","article_modified_time":"2026-04-27T20:17:38+00:00","og_image":[{"width":258,"height":204,"url":"https:\/\/www.lean-expert.com\/wp-content\/uploads\/2022\/01\/YELLOW-BELT-CERTIFICATION-BIG-uai-258x204-1.png","type":"image\/png"}],"twitter_card":"summary_large_image","twitter_misc":{"Est. reading time":"1 minute"},"schema":{"@context":"https:\/\/schema.org","@graph":[{"@type":"WebPage","@id":"https:\/\/www.lean-expert.com\/en\/product\/ceinture-jaune-construction-avec-hugo-poulin\/","url":"https:\/\/www.lean-expert.com\/en\/product\/ceinture-jaune-construction-avec-hugo-poulin\/","name":"Ceinture Jaune avec Hugo Poulin - Lean Expert","isPartOf":{"@id":"https:\/\/www.lean-expert.com\/en\/#website"},"primaryImageOfPage":{"@id":"https:\/\/www.lean-expert.com\/en\/product\/ceinture-jaune-construction-avec-hugo-poulin\/#primaryimage"},"image":{"@id":"https:\/\/www.lean-expert.com\/en\/product\/ceinture-jaune-construction-avec-hugo-poulin\/#primaryimage"},"thumbnailUrl":"https:\/\/www.lean-expert.com\/wp-content\/uploads\/2022\/01\/YELLOW-BELT-CERTIFICATION-BIG-uai-258x204-1.png","datePublished":"2026-04-27T18:20:04+00:00","dateModified":"2026-04-27T20:17:38+00:00","breadcrumb":{"@id":"https:\/\/www.lean-expert.com\/en\/product\/ceinture-jaune-construction-avec-hugo-poulin\/#breadcrumb"},"inLanguage":"en-US","potentialAction":[{"@type":"ReadAction","target":["https:\/\/www.lean-expert.com\/en\/product\/ceinture-jaune-construction-avec-hugo-poulin\/"]}]},{"@type":"ImageObject","inLanguage":"en-US","@id":"https:\/\/www.lean-expert.com\/en\/product\/ceinture-jaune-construction-avec-hugo-poulin\/#primaryimage","url":"https:\/\/www.lean-expert.com\/wp-content\/uploads\/2022\/01\/YELLOW-BELT-CERTIFICATION-BIG-uai-258x204-1.png","contentUrl":"https:\/\/www.lean-expert.com\/wp-content\/uploads\/2022\/01\/YELLOW-BELT-CERTIFICATION-BIG-uai-258x204-1.png","width":258,"height":204},{"@type":"BreadcrumbList","@id":"https:\/\/www.lean-expert.com\/en\/product\/ceinture-jaune-construction-avec-hugo-poulin\/#breadcrumb","itemListElement":[{"@type":"ListItem","position":1,"name":"Home","item":"https:\/\/www.lean-expert.com\/en\/"},{"@type":"ListItem","position":2,"name":"Nos Formations","item":"https:\/\/www.lean-expert.com\/lean-management-formations\/"},{"@type":"ListItem","position":3,"name":"Ceinture Jaune avec Hugo Poulin"}]},{"@type":"WebSite","@id":"https:\/\/www.lean-expert.com\/en\/#website","url":"https:\/\/www.lean-expert.com\/en\/","name":"Lean Expert","description":"Dedicated to your performance","publisher":{"@id":"https:\/\/www.lean-expert.com\/en\/#organization"},"potentialAction":[{"@type":"SearchAction","target":{"@type":"EntryPoint","urlTemplate":"https:\/\/www.lean-expert.com\/en\/?s={search_term_string}"},"query-input":{"@type":"PropertyValueSpecification","valueRequired":true,"valueName":"search_term_string"}}],"inLanguage":"en-US"},{"@type":"Organization","@id":"https:\/\/www.lean-expert.com\/en\/#organization","name":"Lean Expert","url":"https:\/\/www.lean-expert.com\/en\/","logo":{"@type":"ImageObject","inLanguage":"en-US","@id":"https:\/\/www.lean-expert.com\/en\/#\/schema\/logo\/image\/","url":"https:\/\/www.lean-expert.com\/wp-content\/uploads\/2022\/01\/LeanExpert-Dediee_Logo_RGB-1.png","contentUrl":"https:\/\/www.lean-expert.com\/wp-content\/uploads\/2022\/01\/LeanExpert-Dediee_Logo_RGB-1.png","width":3001,"height":751,"caption":"Lean Expert"},"image":{"@id":"https:\/\/www.lean-expert.com\/en\/#\/schema\/logo\/image\/"},"sameAs":["https:\/\/www.facebook.com\/LeanExpert1","https:\/\/www.linkedin.com\/lean-expert","https:\/\/www.youtube.com\/channel\/UCjmopWx7AGZj_LbuMYr1SdA"]}]}},"_links":{"self":[{"href":"https:\/\/www.lean-expert.com\/en\/wp-json\/wp\/v2\/product\/2478","targetHints":{"allow":["GET"]}}],"collection":[{"href":"https:\/\/www.lean-expert.com\/en\/wp-json\/wp\/v2\/product"}],"about":[{"href":"https:\/\/www.lean-expert.com\/en\/wp-json\/wp\/v2\/types\/product"}],"wp:featuredmedia":[{"embeddable":true,"href":"https:\/\/www.lean-expert.com\/en\/wp-json\/wp\/v2\/media\/711"}],"wp:attachment":[{"href":"https:\/\/www.lean-expert.com\/en\/wp-json\/wp\/v2\/media?parent=2478"}],"wp:term":[{"taxonomy":"product_brand","embeddable":true,"href":"https:\/\/www.lean-expert.com\/en\/wp-json\/wp\/v2\/product_brand?post=2478"},{"taxonomy":"product_cat","embeddable":true,"href":"https:\/\/www.lean-expert.com\/en\/wp-json\/wp\/v2\/product_cat?post=2478"},{"taxonomy":"product_tag","embeddable":true,"href":"https:\/\/www.lean-expert.com\/en\/wp-json\/wp\/v2\/product_tag?post=2478"}],"curies":[{"name":"wp","href":"https:\/\/api.w.org\/{rel}","templated":true}]}}