{"id":2476,"date":"2026-04-27T13:18:39","date_gmt":"2026-04-27T18:18:39","guid":{"rendered":"https:\/\/www.lean-expert.com\/?post_type=product&#038;p=2476"},"modified":"2026-04-27T13:18:40","modified_gmt":"2026-04-27T18:18:40","slug":"ceinture-blanche-avec-hugo-poulin","status":"publish","type":"product","link":"https:\/\/www.lean-expert.com\/en\/product\/ceinture-blanche-avec-hugo-poulin\/","title":{"rendered":"Ceinture Blanche avec Hugo Poulin"},"content":{"rendered":"<p>Initiez-vous aux principes fondamentaux du Lean Management gr\u00e2ce \u00e0 cette formation Ceinture Blanche. Id\u00e9ale pour d\u00e9buter, elle vous permettra de comprendre les gaspillages, les bases de l\u2019am\u00e9lioration continue et les outils essentiels du Lean. Une excellente porte d\u2019entr\u00e9e pour toute personne d\u00e9sirant am\u00e9liorer son efficacit\u00e9 au travail.<\/p>\n","protected":false},"excerpt":{"rendered":"<p>Initiez-vous aux principes fondamentaux du Lean Management gr\u00e2ce \u00e0 cette formation Ceinture Blanche. Id\u00e9ale pour d\u00e9buter, elle vous permettra de comprendre les gaspillages, les bases de l\u2019am\u00e9lioration continue et les outils essentiels du Lean. Une excellente porte d\u2019entr\u00e9e pour toute personne d\u00e9sirant am\u00e9liorer son efficacit\u00e9 au travail.<\/p>\n","protected":false},"featured_media":710,"template":"","meta":{"_acf_changed":false,"inline_featured_image":false,"_monsterinsights_skip_tracking":false,"_monsterinsights_sitenote_active":false,"_monsterinsights_sitenote_note":"","_monsterinsights_sitenote_category":0},"product_brand":[],"product_cat":[77],"product_tag":[],"class_list":{"0":"post-2476","1":"product","2":"type-product","3":"status-publish","4":"has-post-thumbnail","6":"product_cat-presentiel-visioconference","8":"first","9":"instock","10":"taxable","11":"shipping-taxable","12":"purchasable","13":"product-type-simple"},"acf":[],"yoast_head":"<!-- This site is optimized with the Yoast SEO Premium plugin v19.4 (Yoast SEO v27.4) - https:\/\/yoast.com\/product\/yoast-seo-premium-wordpress\/ -->\n<title>Ceinture Blanche avec Hugo Poulin - Lean Expert<\/title>\n<meta name=\"robots\" content=\"index, follow, max-snippet:-1, max-image-preview:large, max-video-preview:-1\" \/>\n<link rel=\"canonical\" href=\"https:\/\/www.lean-expert.com\/en\/product\/ceinture-blanche-avec-hugo-poulin\/\" \/>\n<meta property=\"og:locale\" content=\"en_US\" \/>\n<meta property=\"og:type\" content=\"article\" \/>\n<meta property=\"og:title\" content=\"Ceinture Blanche avec Hugo Poulin\" \/>\n<meta property=\"og:description\" content=\"Initiez-vous aux principes fondamentaux du Lean Management gr\u00e2ce \u00e0 cette formation Ceinture Blanche. Id\u00e9ale pour d\u00e9buter, elle vous permettra de comprendre les gaspillages, les bases de l\u2019am\u00e9lioration continue et les outils essentiels du Lean. Une excellente porte d\u2019entr\u00e9e pour toute personne d\u00e9sirant am\u00e9liorer son efficacit\u00e9 au travail.\" \/>\n<meta property=\"og:url\" content=\"https:\/\/www.lean-expert.com\/en\/product\/ceinture-blanche-avec-hugo-poulin\/\" \/>\n<meta property=\"og:site_name\" content=\"Lean Expert\" \/>\n<meta property=\"article:publisher\" content=\"https:\/\/www.facebook.com\/LeanExpert1\" \/>\n<meta property=\"article:modified_time\" content=\"2026-04-27T18:18:40+00:00\" \/>\n<meta property=\"og:image\" content=\"https:\/\/www.lean-expert.com\/wp-content\/uploads\/2022\/01\/white-belt-1-2.png\" \/>\n\t<meta property=\"og:image:width\" content=\"567\" \/>\n\t<meta property=\"og:image:height\" content=\"566\" \/>\n\t<meta property=\"og:image:type\" content=\"image\/png\" \/>\n<meta name=\"twitter:card\" content=\"summary_large_image\" \/>\n<meta name=\"twitter:label1\" content=\"Est. reading time\" \/>\n\t<meta name=\"twitter:data1\" content=\"1 minute\" \/>\n<script type=\"application\/ld+json\" class=\"yoast-schema-graph\">{\"@context\":\"https:\\\/\\\/schema.org\",\"@graph\":[{\"@type\":\"WebPage\",\"@id\":\"https:\\\/\\\/www.lean-expert.com\\\/en\\\/product\\\/ceinture-blanche-avec-hugo-poulin\\\/\",\"url\":\"https:\\\/\\\/www.lean-expert.com\\\/en\\\/product\\\/ceinture-blanche-avec-hugo-poulin\\\/\",\"name\":\"Ceinture Blanche avec Hugo Poulin - Lean Expert\",\"isPartOf\":{\"@id\":\"https:\\\/\\\/www.lean-expert.com\\\/en\\\/#website\"},\"primaryImageOfPage\":{\"@id\":\"https:\\\/\\\/www.lean-expert.com\\\/en\\\/product\\\/ceinture-blanche-avec-hugo-poulin\\\/#primaryimage\"},\"image\":{\"@id\":\"https:\\\/\\\/www.lean-expert.com\\\/en\\\/product\\\/ceinture-blanche-avec-hugo-poulin\\\/#primaryimage\"},\"thumbnailUrl\":\"https:\\\/\\\/www.lean-expert.com\\\/wp-content\\\/uploads\\\/2022\\\/01\\\/white-belt-1-2.png\",\"datePublished\":\"2026-04-27T18:18:39+00:00\",\"dateModified\":\"2026-04-27T18:18:40+00:00\",\"breadcrumb\":{\"@id\":\"https:\\\/\\\/www.lean-expert.com\\\/en\\\/product\\\/ceinture-blanche-avec-hugo-poulin\\\/#breadcrumb\"},\"inLanguage\":\"en-US\",\"potentialAction\":[{\"@type\":\"ReadAction\",\"target\":[\"https:\\\/\\\/www.lean-expert.com\\\/en\\\/product\\\/ceinture-blanche-avec-hugo-poulin\\\/\"]}]},{\"@type\":\"ImageObject\",\"inLanguage\":\"en-US\",\"@id\":\"https:\\\/\\\/www.lean-expert.com\\\/en\\\/product\\\/ceinture-blanche-avec-hugo-poulin\\\/#primaryimage\",\"url\":\"https:\\\/\\\/www.lean-expert.com\\\/wp-content\\\/uploads\\\/2022\\\/01\\\/white-belt-1-2.png\",\"contentUrl\":\"https:\\\/\\\/www.lean-expert.com\\\/wp-content\\\/uploads\\\/2022\\\/01\\\/white-belt-1-2.png\",\"width\":567,\"height\":566},{\"@type\":\"BreadcrumbList\",\"@id\":\"https:\\\/\\\/www.lean-expert.com\\\/en\\\/product\\\/ceinture-blanche-avec-hugo-poulin\\\/#breadcrumb\",\"itemListElement\":[{\"@type\":\"ListItem\",\"position\":1,\"name\":\"Home\",\"item\":\"https:\\\/\\\/www.lean-expert.com\\\/en\\\/\"},{\"@type\":\"ListItem\",\"position\":2,\"name\":\"Nos Formations\",\"item\":\"https:\\\/\\\/www.lean-expert.com\\\/lean-management-formations\\\/\"},{\"@type\":\"ListItem\",\"position\":3,\"name\":\"Ceinture Blanche avec Hugo Poulin\"}]},{\"@type\":\"WebSite\",\"@id\":\"https:\\\/\\\/www.lean-expert.com\\\/en\\\/#website\",\"url\":\"https:\\\/\\\/www.lean-expert.com\\\/en\\\/\",\"name\":\"Lean Expert\",\"description\":\"Dedicated to your performance\",\"publisher\":{\"@id\":\"https:\\\/\\\/www.lean-expert.com\\\/en\\\/#organization\"},\"potentialAction\":[{\"@type\":\"SearchAction\",\"target\":{\"@type\":\"EntryPoint\",\"urlTemplate\":\"https:\\\/\\\/www.lean-expert.com\\\/en\\\/?s={search_term_string}\"},\"query-input\":{\"@type\":\"PropertyValueSpecification\",\"valueRequired\":true,\"valueName\":\"search_term_string\"}}],\"inLanguage\":\"en-US\"},{\"@type\":\"Organization\",\"@id\":\"https:\\\/\\\/www.lean-expert.com\\\/en\\\/#organization\",\"name\":\"Lean Expert\",\"url\":\"https:\\\/\\\/www.lean-expert.com\\\/en\\\/\",\"logo\":{\"@type\":\"ImageObject\",\"inLanguage\":\"en-US\",\"@id\":\"https:\\\/\\\/www.lean-expert.com\\\/en\\\/#\\\/schema\\\/logo\\\/image\\\/\",\"url\":\"https:\\\/\\\/www.lean-expert.com\\\/wp-content\\\/uploads\\\/2022\\\/01\\\/LeanExpert-Dediee_Logo_RGB-1.png\",\"contentUrl\":\"https:\\\/\\\/www.lean-expert.com\\\/wp-content\\\/uploads\\\/2022\\\/01\\\/LeanExpert-Dediee_Logo_RGB-1.png\",\"width\":3001,\"height\":751,\"caption\":\"Lean Expert\"},\"image\":{\"@id\":\"https:\\\/\\\/www.lean-expert.com\\\/en\\\/#\\\/schema\\\/logo\\\/image\\\/\"},\"sameAs\":[\"https:\\\/\\\/www.facebook.com\\\/LeanExpert1\",\"https:\\\/\\\/www.linkedin.com\\\/lean-expert\",\"https:\\\/\\\/www.youtube.com\\\/channel\\\/UCjmopWx7AGZj_LbuMYr1SdA\"]}]}<\/script>\n<!-- \/ Yoast SEO Premium plugin. -->","yoast_head_json":{"title":"Ceinture Blanche avec Hugo Poulin - Lean Expert","robots":{"index":"index","follow":"follow","max-snippet":"max-snippet:-1","max-image-preview":"max-image-preview:large","max-video-preview":"max-video-preview:-1"},"canonical":"https:\/\/www.lean-expert.com\/en\/product\/ceinture-blanche-avec-hugo-poulin\/","og_locale":"en_US","og_type":"article","og_title":"Ceinture Blanche avec Hugo Poulin","og_description":"Initiez-vous aux principes fondamentaux du Lean Management gr\u00e2ce \u00e0 cette formation Ceinture Blanche. Id\u00e9ale pour d\u00e9buter, elle vous permettra de comprendre les gaspillages, les bases de l\u2019am\u00e9lioration continue et les outils essentiels du Lean. Une excellente porte d\u2019entr\u00e9e pour toute personne d\u00e9sirant am\u00e9liorer son efficacit\u00e9 au travail.","og_url":"https:\/\/www.lean-expert.com\/en\/product\/ceinture-blanche-avec-hugo-poulin\/","og_site_name":"Lean Expert","article_publisher":"https:\/\/www.facebook.com\/LeanExpert1","article_modified_time":"2026-04-27T18:18:40+00:00","og_image":[{"width":567,"height":566,"url":"https:\/\/www.lean-expert.com\/wp-content\/uploads\/2022\/01\/white-belt-1-2.png","type":"image\/png"}],"twitter_card":"summary_large_image","twitter_misc":{"Est. reading time":"1 minute"},"schema":{"@context":"https:\/\/schema.org","@graph":[{"@type":"WebPage","@id":"https:\/\/www.lean-expert.com\/en\/product\/ceinture-blanche-avec-hugo-poulin\/","url":"https:\/\/www.lean-expert.com\/en\/product\/ceinture-blanche-avec-hugo-poulin\/","name":"Ceinture Blanche avec Hugo Poulin - Lean Expert","isPartOf":{"@id":"https:\/\/www.lean-expert.com\/en\/#website"},"primaryImageOfPage":{"@id":"https:\/\/www.lean-expert.com\/en\/product\/ceinture-blanche-avec-hugo-poulin\/#primaryimage"},"image":{"@id":"https:\/\/www.lean-expert.com\/en\/product\/ceinture-blanche-avec-hugo-poulin\/#primaryimage"},"thumbnailUrl":"https:\/\/www.lean-expert.com\/wp-content\/uploads\/2022\/01\/white-belt-1-2.png","datePublished":"2026-04-27T18:18:39+00:00","dateModified":"2026-04-27T18:18:40+00:00","breadcrumb":{"@id":"https:\/\/www.lean-expert.com\/en\/product\/ceinture-blanche-avec-hugo-poulin\/#breadcrumb"},"inLanguage":"en-US","potentialAction":[{"@type":"ReadAction","target":["https:\/\/www.lean-expert.com\/en\/product\/ceinture-blanche-avec-hugo-poulin\/"]}]},{"@type":"ImageObject","inLanguage":"en-US","@id":"https:\/\/www.lean-expert.com\/en\/product\/ceinture-blanche-avec-hugo-poulin\/#primaryimage","url":"https:\/\/www.lean-expert.com\/wp-content\/uploads\/2022\/01\/white-belt-1-2.png","contentUrl":"https:\/\/www.lean-expert.com\/wp-content\/uploads\/2022\/01\/white-belt-1-2.png","width":567,"height":566},{"@type":"BreadcrumbList","@id":"https:\/\/www.lean-expert.com\/en\/product\/ceinture-blanche-avec-hugo-poulin\/#breadcrumb","itemListElement":[{"@type":"ListItem","position":1,"name":"Home","item":"https:\/\/www.lean-expert.com\/en\/"},{"@type":"ListItem","position":2,"name":"Nos Formations","item":"https:\/\/www.lean-expert.com\/lean-management-formations\/"},{"@type":"ListItem","position":3,"name":"Ceinture Blanche avec Hugo Poulin"}]},{"@type":"WebSite","@id":"https:\/\/www.lean-expert.com\/en\/#website","url":"https:\/\/www.lean-expert.com\/en\/","name":"Lean Expert","description":"Dedicated to your performance","publisher":{"@id":"https:\/\/www.lean-expert.com\/en\/#organization"},"potentialAction":[{"@type":"SearchAction","target":{"@type":"EntryPoint","urlTemplate":"https:\/\/www.lean-expert.com\/en\/?s={search_term_string}"},"query-input":{"@type":"PropertyValueSpecification","valueRequired":true,"valueName":"search_term_string"}}],"inLanguage":"en-US"},{"@type":"Organization","@id":"https:\/\/www.lean-expert.com\/en\/#organization","name":"Lean Expert","url":"https:\/\/www.lean-expert.com\/en\/","logo":{"@type":"ImageObject","inLanguage":"en-US","@id":"https:\/\/www.lean-expert.com\/en\/#\/schema\/logo\/image\/","url":"https:\/\/www.lean-expert.com\/wp-content\/uploads\/2022\/01\/LeanExpert-Dediee_Logo_RGB-1.png","contentUrl":"https:\/\/www.lean-expert.com\/wp-content\/uploads\/2022\/01\/LeanExpert-Dediee_Logo_RGB-1.png","width":3001,"height":751,"caption":"Lean Expert"},"image":{"@id":"https:\/\/www.lean-expert.com\/en\/#\/schema\/logo\/image\/"},"sameAs":["https:\/\/www.facebook.com\/LeanExpert1","https:\/\/www.linkedin.com\/lean-expert","https:\/\/www.youtube.com\/channel\/UCjmopWx7AGZj_LbuMYr1SdA"]}]}},"_links":{"self":[{"href":"https:\/\/www.lean-expert.com\/en\/wp-json\/wp\/v2\/product\/2476","targetHints":{"allow":["GET"]}}],"collection":[{"href":"https:\/\/www.lean-expert.com\/en\/wp-json\/wp\/v2\/product"}],"about":[{"href":"https:\/\/www.lean-expert.com\/en\/wp-json\/wp\/v2\/types\/product"}],"wp:featuredmedia":[{"embeddable":true,"href":"https:\/\/www.lean-expert.com\/en\/wp-json\/wp\/v2\/media\/710"}],"wp:attachment":[{"href":"https:\/\/www.lean-expert.com\/en\/wp-json\/wp\/v2\/media?parent=2476"}],"wp:term":[{"taxonomy":"product_brand","embeddable":true,"href":"https:\/\/www.lean-expert.com\/en\/wp-json\/wp\/v2\/product_brand?post=2476"},{"taxonomy":"product_cat","embeddable":true,"href":"https:\/\/www.lean-expert.com\/en\/wp-json\/wp\/v2\/product_cat?post=2476"},{"taxonomy":"product_tag","embeddable":true,"href":"https:\/\/www.lean-expert.com\/en\/wp-json\/wp\/v2\/product_tag?post=2476"}],"curies":[{"name":"wp","href":"https:\/\/api.w.org\/{rel}","templated":true}]}}