{"id":2474,"date":"2026-04-20T10:30:32","date_gmt":"2026-04-20T15:30:32","guid":{"rendered":"https:\/\/www.lean-expert.com\/?post_type=product&#038;p=2474"},"modified":"2026-04-27T15:10:52","modified_gmt":"2026-04-27T20:10:52","slug":"ceinture-verte-bureau-avec-hugo-poulin","status":"publish","type":"product","link":"https:\/\/www.lean-expert.com\/en\/product\/ceinture-verte-bureau-avec-hugo-poulin\/","title":{"rendered":"Ceinture Verte avec Hugo Poulin"},"content":{"rendered":"<p>Ma\u00eetrisez les outils du Lean Management et pilotez des projets d\u2019am\u00e9lioration continue gr\u00e2ce \u00e0 cette formation Ceinture Verte. Vous apprendrez \u00e0 analyser les processus, \u00e9liminer les gaspillages et g\u00e9n\u00e9rer des gains mesurables dans votre organisation. Une certification recherch\u00e9e pour les gestionnaires et professionnels.<\/p>\n","protected":false},"excerpt":{"rendered":"<p>Ma\u00eetrisez les outils du Lean Management et pilotez des projets d\u2019am\u00e9lioration continue gr\u00e2ce \u00e0 cette formation Ceinture Verte. Vous apprendrez \u00e0 analyser les processus, \u00e9liminer les gaspillages et g\u00e9n\u00e9rer des gains mesurables dans votre organisation. Une certification recherch\u00e9e pour les gestionnaires et professionnels.<\/p>\n","protected":false},"featured_media":709,"template":"","meta":{"_acf_changed":false,"inline_featured_image":false,"_monsterinsights_skip_tracking":false,"_monsterinsights_sitenote_active":false,"_monsterinsights_sitenote_note":"","_monsterinsights_sitenote_category":0},"product_brand":[],"product_cat":[77],"product_tag":[],"class_list":{"0":"post-2474","1":"product","2":"type-product","3":"status-publish","4":"has-post-thumbnail","6":"product_cat-presentiel-visioconference","8":"first","9":"instock","10":"taxable","11":"shipping-taxable","12":"purchasable","13":"product-type-variable"},"acf":[],"yoast_head":"<!-- This site is optimized with the Yoast SEO Premium plugin v19.4 (Yoast SEO v27.4) - https:\/\/yoast.com\/product\/yoast-seo-premium-wordpress\/ -->\n<title>Ceinture Verte avec Hugo Poulin - Lean Expert<\/title>\n<meta name=\"robots\" content=\"index, follow, max-snippet:-1, max-image-preview:large, max-video-preview:-1\" \/>\n<link rel=\"canonical\" href=\"https:\/\/www.lean-expert.com\/en\/product\/ceinture-verte-bureau-avec-hugo-poulin\/\" \/>\n<meta property=\"og:locale\" content=\"en_US\" \/>\n<meta property=\"og:type\" content=\"article\" \/>\n<meta property=\"og:title\" content=\"Ceinture Verte avec Hugo Poulin\" \/>\n<meta property=\"og:description\" content=\"Ma\u00eetrisez les outils du Lean Management et pilotez des projets d\u2019am\u00e9lioration continue gr\u00e2ce \u00e0 cette formation Ceinture Verte. Vous apprendrez \u00e0 analyser les processus, \u00e9liminer les gaspillages et g\u00e9n\u00e9rer des gains mesurables dans votre organisation. Une certification recherch\u00e9e pour les gestionnaires et professionnels.\" \/>\n<meta property=\"og:url\" content=\"https:\/\/www.lean-expert.com\/en\/product\/ceinture-verte-bureau-avec-hugo-poulin\/\" \/>\n<meta property=\"og:site_name\" content=\"Lean Expert\" \/>\n<meta property=\"article:publisher\" content=\"https:\/\/www.facebook.com\/LeanExpert1\" \/>\n<meta property=\"article:modified_time\" content=\"2026-04-27T20:10:52+00:00\" \/>\n<meta property=\"og:image\" content=\"https:\/\/www.lean-expert.com\/wp-content\/uploads\/2022\/01\/GREEN-BELT-CERTIFICATION-BIG-uai-258x204-1.png\" \/>\n\t<meta property=\"og:image:width\" content=\"258\" \/>\n\t<meta property=\"og:image:height\" content=\"204\" \/>\n\t<meta property=\"og:image:type\" content=\"image\/png\" \/>\n<meta name=\"twitter:card\" content=\"summary_large_image\" \/>\n<meta name=\"twitter:label1\" content=\"Est. reading time\" \/>\n\t<meta name=\"twitter:data1\" content=\"1 minute\" \/>\n<script type=\"application\/ld+json\" class=\"yoast-schema-graph\">{\"@context\":\"https:\\\/\\\/schema.org\",\"@graph\":[{\"@type\":\"WebPage\",\"@id\":\"https:\\\/\\\/www.lean-expert.com\\\/en\\\/product\\\/ceinture-verte-bureau-avec-hugo-poulin\\\/\",\"url\":\"https:\\\/\\\/www.lean-expert.com\\\/en\\\/product\\\/ceinture-verte-bureau-avec-hugo-poulin\\\/\",\"name\":\"Ceinture Verte avec Hugo Poulin - Lean Expert\",\"isPartOf\":{\"@id\":\"https:\\\/\\\/www.lean-expert.com\\\/en\\\/#website\"},\"primaryImageOfPage\":{\"@id\":\"https:\\\/\\\/www.lean-expert.com\\\/en\\\/product\\\/ceinture-verte-bureau-avec-hugo-poulin\\\/#primaryimage\"},\"image\":{\"@id\":\"https:\\\/\\\/www.lean-expert.com\\\/en\\\/product\\\/ceinture-verte-bureau-avec-hugo-poulin\\\/#primaryimage\"},\"thumbnailUrl\":\"https:\\\/\\\/www.lean-expert.com\\\/wp-content\\\/uploads\\\/2022\\\/01\\\/GREEN-BELT-CERTIFICATION-BIG-uai-258x204-1.png\",\"datePublished\":\"2026-04-20T15:30:32+00:00\",\"dateModified\":\"2026-04-27T20:10:52+00:00\",\"breadcrumb\":{\"@id\":\"https:\\\/\\\/www.lean-expert.com\\\/en\\\/product\\\/ceinture-verte-bureau-avec-hugo-poulin\\\/#breadcrumb\"},\"inLanguage\":\"en-US\",\"potentialAction\":[{\"@type\":\"ReadAction\",\"target\":[\"https:\\\/\\\/www.lean-expert.com\\\/en\\\/product\\\/ceinture-verte-bureau-avec-hugo-poulin\\\/\"]}]},{\"@type\":\"ImageObject\",\"inLanguage\":\"en-US\",\"@id\":\"https:\\\/\\\/www.lean-expert.com\\\/en\\\/product\\\/ceinture-verte-bureau-avec-hugo-poulin\\\/#primaryimage\",\"url\":\"https:\\\/\\\/www.lean-expert.com\\\/wp-content\\\/uploads\\\/2022\\\/01\\\/GREEN-BELT-CERTIFICATION-BIG-uai-258x204-1.png\",\"contentUrl\":\"https:\\\/\\\/www.lean-expert.com\\\/wp-content\\\/uploads\\\/2022\\\/01\\\/GREEN-BELT-CERTIFICATION-BIG-uai-258x204-1.png\",\"width\":258,\"height\":204,\"caption\":\"Green Belt office certification\"},{\"@type\":\"BreadcrumbList\",\"@id\":\"https:\\\/\\\/www.lean-expert.com\\\/en\\\/product\\\/ceinture-verte-bureau-avec-hugo-poulin\\\/#breadcrumb\",\"itemListElement\":[{\"@type\":\"ListItem\",\"position\":1,\"name\":\"Home\",\"item\":\"https:\\\/\\\/www.lean-expert.com\\\/en\\\/\"},{\"@type\":\"ListItem\",\"position\":2,\"name\":\"Nos Formations\",\"item\":\"https:\\\/\\\/www.lean-expert.com\\\/lean-management-formations\\\/\"},{\"@type\":\"ListItem\",\"position\":3,\"name\":\"Ceinture Verte avec Hugo Poulin\"}]},{\"@type\":\"WebSite\",\"@id\":\"https:\\\/\\\/www.lean-expert.com\\\/en\\\/#website\",\"url\":\"https:\\\/\\\/www.lean-expert.com\\\/en\\\/\",\"name\":\"Lean Expert\",\"description\":\"Dedicated to your performance\",\"publisher\":{\"@id\":\"https:\\\/\\\/www.lean-expert.com\\\/en\\\/#organization\"},\"potentialAction\":[{\"@type\":\"SearchAction\",\"target\":{\"@type\":\"EntryPoint\",\"urlTemplate\":\"https:\\\/\\\/www.lean-expert.com\\\/en\\\/?s={search_term_string}\"},\"query-input\":{\"@type\":\"PropertyValueSpecification\",\"valueRequired\":true,\"valueName\":\"search_term_string\"}}],\"inLanguage\":\"en-US\"},{\"@type\":\"Organization\",\"@id\":\"https:\\\/\\\/www.lean-expert.com\\\/en\\\/#organization\",\"name\":\"Lean Expert\",\"url\":\"https:\\\/\\\/www.lean-expert.com\\\/en\\\/\",\"logo\":{\"@type\":\"ImageObject\",\"inLanguage\":\"en-US\",\"@id\":\"https:\\\/\\\/www.lean-expert.com\\\/en\\\/#\\\/schema\\\/logo\\\/image\\\/\",\"url\":\"https:\\\/\\\/www.lean-expert.com\\\/wp-content\\\/uploads\\\/2022\\\/01\\\/LeanExpert-Dediee_Logo_RGB-1.png\",\"contentUrl\":\"https:\\\/\\\/www.lean-expert.com\\\/wp-content\\\/uploads\\\/2022\\\/01\\\/LeanExpert-Dediee_Logo_RGB-1.png\",\"width\":3001,\"height\":751,\"caption\":\"Lean Expert\"},\"image\":{\"@id\":\"https:\\\/\\\/www.lean-expert.com\\\/en\\\/#\\\/schema\\\/logo\\\/image\\\/\"},\"sameAs\":[\"https:\\\/\\\/www.facebook.com\\\/LeanExpert1\",\"https:\\\/\\\/www.linkedin.com\\\/lean-expert\",\"https:\\\/\\\/www.youtube.com\\\/channel\\\/UCjmopWx7AGZj_LbuMYr1SdA\"]}]}<\/script>\n<!-- \/ Yoast SEO Premium plugin. -->","yoast_head_json":{"title":"Ceinture Verte avec Hugo Poulin - Lean Expert","robots":{"index":"index","follow":"follow","max-snippet":"max-snippet:-1","max-image-preview":"max-image-preview:large","max-video-preview":"max-video-preview:-1"},"canonical":"https:\/\/www.lean-expert.com\/en\/product\/ceinture-verte-bureau-avec-hugo-poulin\/","og_locale":"en_US","og_type":"article","og_title":"Ceinture Verte avec Hugo Poulin","og_description":"Ma\u00eetrisez les outils du Lean Management et pilotez des projets d\u2019am\u00e9lioration continue gr\u00e2ce \u00e0 cette formation Ceinture Verte. Vous apprendrez \u00e0 analyser les processus, \u00e9liminer les gaspillages et g\u00e9n\u00e9rer des gains mesurables dans votre organisation. Une certification recherch\u00e9e pour les gestionnaires et professionnels.","og_url":"https:\/\/www.lean-expert.com\/en\/product\/ceinture-verte-bureau-avec-hugo-poulin\/","og_site_name":"Lean Expert","article_publisher":"https:\/\/www.facebook.com\/LeanExpert1","article_modified_time":"2026-04-27T20:10:52+00:00","og_image":[{"width":258,"height":204,"url":"https:\/\/www.lean-expert.com\/wp-content\/uploads\/2022\/01\/GREEN-BELT-CERTIFICATION-BIG-uai-258x204-1.png","type":"image\/png"}],"twitter_card":"summary_large_image","twitter_misc":{"Est. reading time":"1 minute"},"schema":{"@context":"https:\/\/schema.org","@graph":[{"@type":"WebPage","@id":"https:\/\/www.lean-expert.com\/en\/product\/ceinture-verte-bureau-avec-hugo-poulin\/","url":"https:\/\/www.lean-expert.com\/en\/product\/ceinture-verte-bureau-avec-hugo-poulin\/","name":"Ceinture Verte avec Hugo Poulin - Lean Expert","isPartOf":{"@id":"https:\/\/www.lean-expert.com\/en\/#website"},"primaryImageOfPage":{"@id":"https:\/\/www.lean-expert.com\/en\/product\/ceinture-verte-bureau-avec-hugo-poulin\/#primaryimage"},"image":{"@id":"https:\/\/www.lean-expert.com\/en\/product\/ceinture-verte-bureau-avec-hugo-poulin\/#primaryimage"},"thumbnailUrl":"https:\/\/www.lean-expert.com\/wp-content\/uploads\/2022\/01\/GREEN-BELT-CERTIFICATION-BIG-uai-258x204-1.png","datePublished":"2026-04-20T15:30:32+00:00","dateModified":"2026-04-27T20:10:52+00:00","breadcrumb":{"@id":"https:\/\/www.lean-expert.com\/en\/product\/ceinture-verte-bureau-avec-hugo-poulin\/#breadcrumb"},"inLanguage":"en-US","potentialAction":[{"@type":"ReadAction","target":["https:\/\/www.lean-expert.com\/en\/product\/ceinture-verte-bureau-avec-hugo-poulin\/"]}]},{"@type":"ImageObject","inLanguage":"en-US","@id":"https:\/\/www.lean-expert.com\/en\/product\/ceinture-verte-bureau-avec-hugo-poulin\/#primaryimage","url":"https:\/\/www.lean-expert.com\/wp-content\/uploads\/2022\/01\/GREEN-BELT-CERTIFICATION-BIG-uai-258x204-1.png","contentUrl":"https:\/\/www.lean-expert.com\/wp-content\/uploads\/2022\/01\/GREEN-BELT-CERTIFICATION-BIG-uai-258x204-1.png","width":258,"height":204,"caption":"Green Belt office certification"},{"@type":"BreadcrumbList","@id":"https:\/\/www.lean-expert.com\/en\/product\/ceinture-verte-bureau-avec-hugo-poulin\/#breadcrumb","itemListElement":[{"@type":"ListItem","position":1,"name":"Home","item":"https:\/\/www.lean-expert.com\/en\/"},{"@type":"ListItem","position":2,"name":"Nos Formations","item":"https:\/\/www.lean-expert.com\/lean-management-formations\/"},{"@type":"ListItem","position":3,"name":"Ceinture Verte avec Hugo Poulin"}]},{"@type":"WebSite","@id":"https:\/\/www.lean-expert.com\/en\/#website","url":"https:\/\/www.lean-expert.com\/en\/","name":"Lean Expert","description":"Dedicated to your performance","publisher":{"@id":"https:\/\/www.lean-expert.com\/en\/#organization"},"potentialAction":[{"@type":"SearchAction","target":{"@type":"EntryPoint","urlTemplate":"https:\/\/www.lean-expert.com\/en\/?s={search_term_string}"},"query-input":{"@type":"PropertyValueSpecification","valueRequired":true,"valueName":"search_term_string"}}],"inLanguage":"en-US"},{"@type":"Organization","@id":"https:\/\/www.lean-expert.com\/en\/#organization","name":"Lean Expert","url":"https:\/\/www.lean-expert.com\/en\/","logo":{"@type":"ImageObject","inLanguage":"en-US","@id":"https:\/\/www.lean-expert.com\/en\/#\/schema\/logo\/image\/","url":"https:\/\/www.lean-expert.com\/wp-content\/uploads\/2022\/01\/LeanExpert-Dediee_Logo_RGB-1.png","contentUrl":"https:\/\/www.lean-expert.com\/wp-content\/uploads\/2022\/01\/LeanExpert-Dediee_Logo_RGB-1.png","width":3001,"height":751,"caption":"Lean Expert"},"image":{"@id":"https:\/\/www.lean-expert.com\/en\/#\/schema\/logo\/image\/"},"sameAs":["https:\/\/www.facebook.com\/LeanExpert1","https:\/\/www.linkedin.com\/lean-expert","https:\/\/www.youtube.com\/channel\/UCjmopWx7AGZj_LbuMYr1SdA"]}]}},"_links":{"self":[{"href":"https:\/\/www.lean-expert.com\/en\/wp-json\/wp\/v2\/product\/2474","targetHints":{"allow":["GET"]}}],"collection":[{"href":"https:\/\/www.lean-expert.com\/en\/wp-json\/wp\/v2\/product"}],"about":[{"href":"https:\/\/www.lean-expert.com\/en\/wp-json\/wp\/v2\/types\/product"}],"wp:featuredmedia":[{"embeddable":true,"href":"https:\/\/www.lean-expert.com\/en\/wp-json\/wp\/v2\/media\/709"}],"wp:attachment":[{"href":"https:\/\/www.lean-expert.com\/en\/wp-json\/wp\/v2\/media?parent=2474"}],"wp:term":[{"taxonomy":"product_brand","embeddable":true,"href":"https:\/\/www.lean-expert.com\/en\/wp-json\/wp\/v2\/product_brand?post=2474"},{"taxonomy":"product_cat","embeddable":true,"href":"https:\/\/www.lean-expert.com\/en\/wp-json\/wp\/v2\/product_cat?post=2474"},{"taxonomy":"product_tag","embeddable":true,"href":"https:\/\/www.lean-expert.com\/en\/wp-json\/wp\/v2\/product_tag?post=2474"}],"curies":[{"name":"wp","href":"https:\/\/api.w.org\/{rel}","templated":true}]}}